{"id":2775,"date":"2023-01-06T19:34:43","date_gmt":"2023-01-06T19:34:43","guid":{"rendered":"http:\/\/localhost\/sermep2\/sinergy\/"},"modified":"2023-05-23T19:05:11","modified_gmt":"2023-05-23T19:05:11","slug":"sinergy","status":"publish","type":"page","link":"https:\/\/sermep.mx\/en\/sinergy\/","title":{"rendered":"Sinergy"},"content":{"rendered":"<section class=\"wpb-content-wrapper\"><p>[vc_row][vc_column]\n\t\t\t<!-- START sinergia REVOLUTION SLIDER 6.6.7 --><p class=\"rs-p-wp-fix\"><\/p>\n\t\t\t<rs-module-wrap id=\"rev_slider_12_1_wrapper\" data-source=\"gallery\" style=\"visibility:hidden;background:transparent;padding:0;margin:0px auto;margin-top:0;margin-bottom:0;\">\n\t\t\t\t<rs-module id=\"rev_slider_12_1\" style=\"\" data-version=\"6.6.7\">\n\t\t\t\t\t<rs-slides style=\"overflow: hidden; position: absolute;\">\n\t\t\t\t\t\t<rs-slide style=\"position: absolute;\" data-key=\"rs-30\" data-title=\"Slide\" data-in=\"o:0;\" data-out=\"a:false;\">\n\t\t\t\t\t\t\t<img src=\"\/\/sermep.mx\/wp-content\/plugins\/revslider\/public\/assets\/assets\/dummy.png\" alt=\"\" title=\"Group 18 (1)\" width=\"2560\" height=\"926\" class=\"rev-slidebg tp-rs-img rs-lazyload\" data-lazyload=\"\/\/sermep.mx\/wp-content\/uploads\/2023\/01\/Group-18-1-scaled.jpg\" data-no-retina>\n<!--\n\t\t\t\t\t\t\t--><rs-layer\n\t\t\t\t\t\t\t\tid=\"slider-12-slide-30-layer-1\" \n\t\t\t\t\t\t\t\tdata-type=\"text\"\n\t\t\t\t\t\t\t\tdata-color=\"#ffffff\"\n\t\t\t\t\t\t\t\tdata-rsp_ch=\"on\"\n\t\t\t\t\t\t\t\tdata-xy=\"x:50px;y:140px;\"\n\t\t\t\t\t\t\t\tdata-text=\"w:normal;s:35;fw:700;\"\n\t\t\t\t\t\t\t\tdata-frame_999=\"o:0;st:w;\"\n\t\t\t\t\t\t\t\tstyle=\"z-index:7;font-family:'Montserrat';\"\n\t\t\t\t\t\t\t>SINERGY \n\t\t\t\t\t\t\t<\/rs-layer><!--\n-->\t\t\t\t\t\t<\/rs-slide>\n\t\t\t\t\t<\/rs-slides>\n\t\t\t\t<\/rs-module>\n\t\t\t\t<script>\n\t\t\t\t\tsetREVStartSize({c: 'rev_slider_12_1',rl:[1240,1024,778,480],el:[300],gw:[1240],gh:[300],type:'hero',justify:'',layout:'fullwidth',mh:\"0\"});if (window.RS_MODULES!==undefined && window.RS_MODULES.modules!==undefined && window.RS_MODULES.modules[\"revslider121\"]!==undefined) {window.RS_MODULES.modules[\"revslider121\"].once = false;window.revapi12 = undefined;if (window.RS_MODULES.checkMinimal!==undefined) window.RS_MODULES.checkMinimal()}\n\t\t\t\t<\/script>\n\t\t\t<\/rs-module-wrap>\n\t\t\t<!-- END REVOLUTION SLIDER -->\n[\/vc_column][\/vc_row][vc_row css_animation=&#8221;fadeInUp&#8221;][vc_column]<div class=\"sk-space\" id=\"sk-space-182733927669d09db6cc76f\"><\/div><style>#sk-space-182733927669d09db6cc76f{height:85px;}@media (max-width: 1200px){#sk-space-182733927669d09db6cc76f{height:65px;}}@media (max-width: 991px){#sk-space-182733927669d09db6cc76f{height:55px;}}@media (max-width: 767px){#sk-space-182733927669d09db6cc76f{height:45px;}}@media (max-width: 574px){#sk-space-182733927669d09db6cc76f{height:35px;}}<\/style><div class=\"text-left\"><h3 style=\"color:\">SINERGIA<\/h3><div class=\"edge-seprator\"><\/div><\/div>[vc_column_text]<span data-sheets-value=\"{\"1\":2,\"2\":\"Siempre estamos en busca de nuevos socios para trabajar en conjunto para la proveedur\u00eda de materiales y prestaci\u00f3n de servicios.\\nSobre Abitat y Sermep:\\n\\n\u2022 Gestionamos construcciones en toda la rep\u00fablica.\\n\\n\u2022 La seguridad al trabajar es primordial.\\n\\n\u2022 Manejamos una clasificaci\u00f3n de contratistas y proveedores de acuerdo a sus capacidades financieras y de afianzamiento para atender proyectos.\\n\\n\u2022 Trabajamos de acuerdo a los requerimientos por cada especialidad.\\n\\n\u2022 Nos gestionamos por medio de las licitaciones u \u00f3rdenes de cambio de cada proyecto.\\n\\n\u2022 El apego a pol\u00edticas y documentaci\u00f3n es vital para una gesti\u00f3n exitosa.\"}\" data-sheets-userformat=\"{\"2\":14721,\"3\":{\"1\":0,\"3\":1},\"10\":1,\"11\":4,\"14\":{\"1\":2,\"2\":4935508},\"15\":\"Century Gothic\",\"16\":11}\">Siempre estamos en busca de nuevos socios para trabajar en conjunto para la proveedur\u00eda de materiales y prestaci\u00f3n de servicios.<br \/>\nSobre Abitat y Sermep:<\/span><\/p>\n<ul class=\"list\">\n<li>Gestionamos construcciones en toda la rep\u00fablica.<\/li>\n<li>La seguridad al trabajar es primordial.<\/li>\n<li>Manejamos una clasificaci\u00f3n de contratistas y proveedores de acuerdo a sus capacidades financieras y de afianzamiento para atender proyectos.<\/li>\n<li>Trabajamos de acuerdo a los requerimientos por cada especialidad.<\/li>\n<li>Nos gestionamos por medio de las licitaciones u \u00f3rdenes de cambio de cada proyecto.<\/li>\n<li>El apego a pol\u00edticas y documentaci\u00f3n es vital para una gesti\u00f3n exitosa.<\/li>\n<\/ul>\n<p>[\/vc_column_text]<div class=\"sk-space\" id=\"sk-space-211673656769d09db6cc84c\"><\/div><style>#sk-space-211673656769d09db6cc84c{height:65px;}@media (max-width: 1200px){#sk-space-211673656769d09db6cc84c{height:45px;}}@media (max-width: 991px){#sk-space-211673656769d09db6cc84c{height:35px;}}@media (max-width: 767px){#sk-space-211673656769d09db6cc84c{height:40px;}}@media (max-width: 574px){#sk-space-211673656769d09db6cc84c{height:20px;}}<\/style>[\/vc_column][\/vc_row][vc_row full_width=&#8221;stretch_row&#8221; parallax=&#8221;content-moving&#8221; parallax_image=&#8221;359&#8243; css_animation=&#8221;none&#8221;][vc_column width=&#8221;2\/3&#8243; css=&#8221;.vc_custom_1577704424503{padding-top: 0px !important;}&#8221;]<div class=\"sk-space\" id=\"sk-space-167493668769d09db6cc8ac\"><\/div><style>#sk-space-167493668769d09db6cc8ac{height:40px;}@media (max-width: 1200px){#sk-space-167493668769d09db6cc8ac{height:30px;}}@media (max-width: 991px){#sk-space-167493668769d09db6cc8ac{height:20px;}}@media (max-width: 767px){#sk-space-167493668769d09db6cc8ac{height:50px;}}@media (max-width: 574px){#sk-space-167493668769d09db6cc8ac{height:40px;}}<\/style>[vc_column_text]<\/p>\n<h3 style=\"margin-bottom: -20px; text-align: left;\">Conoce aqu\u00ed las pol\u00edticas y documentaci\u00f3n requerida para unirte al padr\u00f3n de contratistas.<\/h3>\n<p>[\/vc_column_text][vc_column_text]<\/p>\n<h5 style=\"text-transform: none; text-align: left;\"><a style=\"font-weight: bold; color: #ac162c;\" href=\"http:\/\/sermep.mx\/wp-content\/uploads\/2023\/04\/politicas.zip\">Descargar archivos<i class=\"fa fa-file fa-lg\" style=\"padding-left: 5px;\"><\/i><\/a><\/h5>\n<p>[\/vc_column_text][\/vc_column][vc_column width=&#8221;1\/3&#8243; css=&#8221;.vc_custom_1578133523835{padding-top: 0px !important;}&#8221; offset=&#8221;vc_col-xs-6&#8243;]<div class=\"sk-space\" id=\"sk-space-83123124369d09db6cc907\"><\/div><style>#sk-space-83123124369d09db6cc907{height:40px;}@media (max-width: 1200px){#sk-space-83123124369d09db6cc907{height:30px;}}@media (max-width: 991px){#sk-space-83123124369d09db6cc907{height:20px;}}@media (max-width: 574px){#sk-space-83123124369d09db6cc907{height:10px;}}<\/style>[vc_single_image image=&#8221;1825&#8243; img_size=&#8221;medium&#8221; alignment=&#8221;right&#8221;][\/vc_column][\/vc_row][vc_row][vc_column]<div class=\"sk-space\" id=\"sk-space-125087824969d09db6cc960\"><\/div><style>#sk-space-125087824969d09db6cc960{height:65px;}@media (max-width: 1200px){#sk-space-125087824969d09db6cc960{height:45px;}}@media (max-width: 991px){#sk-space-125087824969d09db6cc960{height:35px;}}@media (max-width: 767px){#sk-space-125087824969d09db6cc960{height:40px;}}@media (max-width: 574px){#sk-space-125087824969d09db6cc960{height:20px;}}<\/style>[\/vc_column][\/vc_row][vc_row][vc_column width=&#8221;1\/2&#8243;][vc_column_text]<\/p>\n<h3><strong>Contratista<\/strong><\/h3>\n<p>Buscamos hacer equipo para las especialidades de:<\/p>\n<ul class=\"list\">\n<li>Dise\u00f1o.<\/li>\n<li>Plomer\u00eda.<\/li>\n<li>Tratamiento de aguas.<\/li>\n<li>Aislamiento t\u00e9rmico.<\/li>\n<li>HVAC.<\/li>\n<li>Mec\u00e1nico.<\/li>\n<li>El\u00e9ctrico.<\/li>\n<li>Sistemas especiales.<\/li>\n<li>Sistemas contra incendio.<\/li>\n<\/ul>\n<p>[\/vc_column_text][\/vc_column][vc_column width=&#8221;1\/2&#8243;][vc_column_text]<\/p>\n<h3><strong>PROVEEDOR<\/strong><\/h3>\n<p>Para proveer de suministros varios para los proyectos o las oficinas centrales es necesario cumplir con:<\/p>\n<ul class=\"list\">\n<li>Responsabilidad y compromiso.<\/li>\n<li>Apego a Pol\u00edticas Abitat y Sermep.<\/li>\n<\/ul>\n<p>[\/vc_column_text][\/vc_column][\/vc_row][vc_row][vc_column]<div class=\"sk-space\" id=\"sk-space-96493485369d09db6cc9b7\"><\/div><style>#sk-space-96493485369d09db6cc9b7{height:65px;}@media (max-width: 1200px){#sk-space-96493485369d09db6cc9b7{height:45px;}}@media (max-width: 991px){#sk-space-96493485369d09db6cc9b7{height:35px;}}@media (max-width: 767px){#sk-space-96493485369d09db6cc9b7{height:40px;}}@media (max-width: 574px){#sk-space-96493485369d09db6cc9b7{height:20px;}}<\/style>[vc_column_text]<\/p>\n<h3><strong><span data-sheets-value=\"{\"1\":2,\"2\":\"\u00bfC\u00f3mo trabajar con nosotros?\\n\u2022 Leer los requerimientos de documentaci\u00f3n y pol\u00edticas.\\n\u2022 Completar el pre-registro.\\n\u2022 Nuestro equipo revisa las solicitudes y se pone en contacto seg\u00fan las necesidades del proyecto.\\n\u2022 Posteriormente, se completa un perfil en el sistema interno de contratistas y proveedores.\\n\u2022 Se inicia la sinergia de trabajo con Abitat o Sermep.\\n\\n\"}\" data-sheets-userformat=\"{\"2\":14785,\"3\":{\"1\":0,\"3\":1},\"9\":0,\"10\":1,\"11\":4,\"14\":{\"1\":2,\"2\":4935508},\"15\":\"Century Gothic\",\"16\":11}\">\u00bfC\u00f3mo trabajar con nosotros?<\/span><\/strong><\/h3>\n<p>Buscamos hacer equipo para las especialidades de:<\/p>\n<ul class=\"list-blank\">\n<li><span data-sheets-value=\"{\"1\":2,\"2\":\"\u00bfC\u00f3mo trabajar con nosotros?\\n\u2022 Leer los requerimientos de documentaci\u00f3n y pol\u00edticas.\\n\u2022 Completar el pre-registro.\\n\u2022 Nuestro equipo revisa las solicitudes y se pone en contacto seg\u00fan las necesidades del proyecto.\\n\u2022 Posteriormente, se completa un perfil en el sistema interno de contratistas y proveedores.\\n\u2022 Se inicia la sinergia de trabajo con Abitat o Sermep.\\n\\n\"}\" data-sheets-userformat=\"{\"2\":14785,\"3\":{\"1\":0,\"3\":1},\"9\":0,\"10\":1,\"11\":4,\"14\":{\"1\":2,\"2\":4935508},\"15\":\"Century Gothic\",\"16\":11}\"> Leer los requerimientos de documentaci\u00f3n y pol\u00edticas.<\/span><\/li>\n<li><span data-sheets-value=\"{\"1\":2,\"2\":\"\u00bfC\u00f3mo trabajar con nosotros?\\n\u2022 Leer los requerimientos de documentaci\u00f3n y pol\u00edticas.\\n\u2022 Completar el pre-registro.\\n\u2022 Nuestro equipo revisa las solicitudes y se pone en contacto seg\u00fan las necesidades del proyecto.\\n\u2022 Posteriormente, se completa un perfil en el sistema interno de contratistas y proveedores.\\n\u2022 Se inicia la sinergia de trabajo con Abitat o Sermep.\\n\\n\"}\" data-sheets-userformat=\"{\"2\":14785,\"3\":{\"1\":0,\"3\":1},\"9\":0,\"10\":1,\"11\":4,\"14\":{\"1\":2,\"2\":4935508},\"15\":\"Century Gothic\",\"16\":11}\">Completar el pre-registro.<\/span><\/li>\n<li><span data-sheets-value=\"{\"1\":2,\"2\":\"\u00bfC\u00f3mo trabajar con nosotros?\\n\u2022 Leer los requerimientos de documentaci\u00f3n y pol\u00edticas.\\n\u2022 Completar el pre-registro.\\n\u2022 Nuestro equipo revisa las solicitudes y se pone en contacto seg\u00fan las necesidades del proyecto.\\n\u2022 Posteriormente, se completa un perfil en el sistema interno de contratistas y proveedores.\\n\u2022 Se inicia la sinergia de trabajo con Abitat o Sermep.\\n\\n\"}\" data-sheets-userformat=\"{\"2\":14785,\"3\":{\"1\":0,\"3\":1},\"9\":0,\"10\":1,\"11\":4,\"14\":{\"1\":2,\"2\":4935508},\"15\":\"Century Gothic\",\"16\":11}\"> Nuestro equipo revisa las solicitudes y se pone en contacto seg\u00fan las necesidades del proyecto.<\/span><\/li>\n<li><span data-sheets-value=\"{\"1\":2,\"2\":\"\u00bfC\u00f3mo trabajar con nosotros?\\n\u2022 Leer los requerimientos de documentaci\u00f3n y pol\u00edticas.\\n\u2022 Completar el pre-registro.\\n\u2022 Nuestro equipo revisa las solicitudes y se pone en contacto seg\u00fan las necesidades del proyecto.\\n\u2022 Posteriormente, se completa un perfil en el sistema interno de contratistas y proveedores.\\n\u2022 Se inicia la sinergia de trabajo con Abitat o Sermep.\\n\\n\"}\" data-sheets-userformat=\"{\"2\":14785,\"3\":{\"1\":0,\"3\":1},\"9\":0,\"10\":1,\"11\":4,\"14\":{\"1\":2,\"2\":4935508},\"15\":\"Century Gothic\",\"16\":11}\">Posteriormente, se completa un perfil en el sistema interno de contratistas y proveedores.<\/span><\/li>\n<li><span data-sheets-value=\"{\"1\":2,\"2\":\"\u00bfC\u00f3mo trabajar con nosotros?\\n\u2022 Leer los requerimientos de documentaci\u00f3n y pol\u00edticas.\\n\u2022 Completar el pre-registro.\\n\u2022 Nuestro equipo revisa las solicitudes y se pone en contacto seg\u00fan las necesidades del proyecto.\\n\u2022 Posteriormente, se completa un perfil en el sistema interno de contratistas y proveedores.\\n\u2022 Se inicia la sinergia de trabajo con Abitat o Sermep.\\n\\n\"}\" data-sheets-userformat=\"{\"2\":14785,\"3\":{\"1\":0,\"3\":1},\"9\":0,\"10\":1,\"11\":4,\"14\":{\"1\":2,\"2\":4935508},\"15\":\"Century Gothic\",\"16\":11}\">Se inicia la sinergia de trabajo con Abitat o Sermep.<\/span><\/li>\n<\/ul>\n<p>[\/vc_column_text][vc_column_text]Descarga aqu\u00ed la lista de requerimientos para ser contratista o proveedor:[\/vc_column_text]<div class=\"text-left left mvb-button\"><a href=\"http:\/\/sermep.mx\/wp-content\/uploads\/2023\/04\/politicas.zip\" class=\"btn-orange btn-white btn-shape-square btn-size-large\" target=\"_blank\" id=\"construction-100346242169d09db6cca17\">Descargar lista de requerimientos<\/a><\/div><style>#construction-100346242169d09db6cca17,\r\n\t\t\t\t#construction-100346242169d09db6cca17.btn-orange:before{\r\n\t\t\t\t\tcolor:#ffffff !important;\r\n\t\t\t\t}#construction-100346242169d09db6cca17.btn-orange:before{\r\n\t\t\t\t\tbackground:#ac162c none repeat scroll 0 0 !important;\r\n\t\t\t\t}#construction-100346242169d09db6cca17:hover{\r\n\t\t\t\t\tcolor:#ffffff !important;\r\n\t\t\t\t}<\/style><div class=\"sk-space\" id=\"sk-space-141484037569d09db6ccaa7\"><\/div><style>#sk-space-141484037569d09db6ccaa7{height:65px;}@media (max-width: 1200px){#sk-space-141484037569d09db6ccaa7{height:45px;}}@media (max-width: 991px){#sk-space-141484037569d09db6ccaa7{height:35px;}}@media (max-width: 767px){#sk-space-141484037569d09db6ccaa7{height:40px;}}@media (max-width: 574px){#sk-space-141484037569d09db6ccaa7{height:20px;}}<\/style>[\/vc_column][\/vc_row][vc_row full_width=&#8221;stretch_row&#8221; parallax=&#8221;content-moving&#8221; parallax_image=&#8221;359&#8243; css_animation=&#8221;none&#8221;][vc_column css=&#8221;.vc_custom_1577704424503{padding-top: 0px !important;}&#8221;]<div class=\"sk-space\" id=\"sk-space-82830666969d09db6ccafb\"><\/div><style>#sk-space-82830666969d09db6ccafb{height:40px;}@media (max-width: 1200px){#sk-space-82830666969d09db6ccafb{height:30px;}}@media (max-width: 991px){#sk-space-82830666969d09db6ccafb{height:20px;}}@media (max-width: 767px){#sk-space-82830666969d09db6ccafb{height:50px;}}@media (max-width: 574px){#sk-space-82830666969d09db6ccafb{height:40px;}}<\/style>[vc_column_text]<\/p>\n<h1 style=\"margin-bottom: -20px; text-align: left;\">If you are interested in doing synergy in projects with us, complete the following pre-registration.<\/h1>\n<p>[\/vc_column_text][\/vc_column][vc_column]<div class=\"text-center center mvb-button\"><a href=\"https:\/\/forms.office.com\/pages\/responsepage.aspx?id=GZU8ci0L9E6uvz_0eEX1qT7jmToSk8FFu5OkG13dyppUNUxaUlNSVDVWUUxBM01QTlg1UTVCWTNZNC4u\" class=\"btn-orange btn-white btn-shape-square btn-size-medium\" target=\"_blank\" id=\"construction-93978835269d09db6ccb56\">Contractors<\/a><\/div><style>#construction-93978835269d09db6ccb56,\r\n\t\t\t\t#construction-93978835269d09db6ccb56.btn-orange:before{\r\n\t\t\t\t\tcolor:#ffffff !important;\r\n\t\t\t\t}#construction-93978835269d09db6ccb56.btn-orange:before{\r\n\t\t\t\t\tbackground:#ac162c none repeat scroll 0 0 !important;\r\n\t\t\t\t}#construction-93978835269d09db6ccb56:hover{\r\n\t\t\t\t\tcolor:#ffffff !important;\r\n\t\t\t\t}<\/style>[\/vc_column][vc_column]<div class=\"text-center center mvb-button\"><a href=\"https:\/\/forms.office.com\/pages\/responsepage.aspx?id=GZU8ci0L9E6uvz_0eEX1qT7jmToSk8FFu5OkG13dyppUQkdQMlA0NEpEQzRHNDhPU0s5QlhTWVcyNi4u\" class=\"btn-orange btn-white btn-shape-square btn-size-medium\" target=\"_blank\" id=\"construction-88543980769d09db6ccbef\">Structure and Smithy<\/a><\/div><style>#construction-88543980769d09db6ccbef,\r\n\t\t\t\t#construction-88543980769d09db6ccbef.btn-orange:before{\r\n\t\t\t\t\tcolor:#ffffff !important;\r\n\t\t\t\t}#construction-88543980769d09db6ccbef.btn-orange:before{\r\n\t\t\t\t\tbackground:#ac162c none repeat scroll 0 0 !important;\r\n\t\t\t\t}#construction-88543980769d09db6ccbef:hover{\r\n\t\t\t\t\tcolor:#ffffff !important;\r\n\t\t\t\t}<\/style>[\/vc_column][vc_column]<div class=\"text-center center mvb-button\"><a href=\"https:\/\/forms.office.com\/pages\/responsepage.aspx?id=GZU8ci0L9E6uvz_0eEX1qT7jmToSk8FFu5OkG13dyppUQ0JGVkVHWk1QVzk2NllVM0NXMEswVEpaUy4u\" class=\"btn-orange btn-white btn-shape-square btn-size-medium\" target=\"_blank\" id=\"construction-24164512069d09db6ccc83\">Suppliers<\/a><\/div><style>#construction-24164512069d09db6ccc83,\r\n\t\t\t\t#construction-24164512069d09db6ccc83.btn-orange:before{\r\n\t\t\t\t\tcolor:#ffffff !important;\r\n\t\t\t\t}#construction-24164512069d09db6ccc83.btn-orange:before{\r\n\t\t\t\t\tbackground:#ac162c none repeat scroll 0 0 !important;\r\n\t\t\t\t}#construction-24164512069d09db6ccc83:hover{\r\n\t\t\t\t\tcolor:#ffffff !important;\r\n\t\t\t\t}<\/style><div class=\"sk-space\" id=\"sk-space-98592905269d09db6ccd0f\"><\/div><style>#sk-space-98592905269d09db6ccd0f{height:60px;}@media (max-width: 1200px){#sk-space-98592905269d09db6ccd0f{height:60px;}}@media (max-width: 991px){#sk-space-98592905269d09db6ccd0f{height:60px;}}@media (max-width: 574px){#sk-space-98592905269d09db6ccd0f{height:60px;}}<\/style>[\/vc_column][\/vc_row]<\/p>\n<\/section>","protected":false},"excerpt":{"rendered":"<p>[vc_row][vc_column][\/vc_column][\/vc_row][vc_row css_animation=&#8221;fadeInUp&#8221;][vc_column][vc_column_text]Siempre estamos en busca de nuevos socios para trabajar en conjunto para la proveedur\u00eda de materiales y prestaci\u00f3n de servicios. Sobre Abitat y Sermep: Gestionamos construcciones en toda la rep\u00fablica. La seguridad al trabajar es primordial. Manejamos una clasificaci\u00f3n de contratistas y proveedores de acuerdo a sus capacidades financieras y de afianzamiento para atender [&hellip;]<\/p>\n","protected":false},"author":1,"featured_media":0,"parent":0,"menu_order":0,"comment_status":"closed","ping_status":"closed","template":"","meta":{"footnotes":""},"_links":{"self":[{"href":"https:\/\/sermep.mx\/en\/wp-json\/wp\/v2\/pages\/2775"}],"collection":[{"href":"https:\/\/sermep.mx\/en\/wp-json\/wp\/v2\/pages"}],"about":[{"href":"https:\/\/sermep.mx\/en\/wp-json\/wp\/v2\/types\/page"}],"author":[{"embeddable":true,"href":"https:\/\/sermep.mx\/en\/wp-json\/wp\/v2\/users\/1"}],"replies":[{"embeddable":true,"href":"https:\/\/sermep.mx\/en\/wp-json\/wp\/v2\/comments?post=2775"}],"version-history":[{"count":4,"href":"https:\/\/sermep.mx\/en\/wp-json\/wp\/v2\/pages\/2775\/revisions"}],"predecessor-version":[{"id":2920,"href":"https:\/\/sermep.mx\/en\/wp-json\/wp\/v2\/pages\/2775\/revisions\/2920"}],"wp:attachment":[{"href":"https:\/\/sermep.mx\/en\/wp-json\/wp\/v2\/media?parent=2775"}],"curies":[{"name":"wp","href":"https:\/\/api.w.org\/{rel}","templated":true}]}}